{"id":9938,"date":"2018-12-10T04:55:29","date_gmt":"2018-12-09T21:55:29","guid":{"rendered":"https:\/\/serenityvietnam.com\/lien-he-voi-chung-toi\/"},"modified":"2024-09-28T13:30:43","modified_gmt":"2024-09-28T06:30:43","slug":"lien-he-voi-chung-toi","status":"publish","type":"page","link":"https:\/\/serenityvietnam.com\/vi\/lien-he-voi-chung-toi\/","title":{"rendered":"Li\u00ean h\u1ec7 v\u1edbi ch\u00fang t\u00f4i"},"content":{"rendered":"\t\t<div data-elementor-type=\"wp-page\" data-elementor-id=\"9938\" class=\"elementor elementor-9938 elementor-8088\" data-elementor-post-type=\"page\">\n\t\t\t\t<div class=\"elementor-element elementor-element-29afbf4 st-contact--solo e-flex e-con-boxed e-con e-parent\" data-id=\"29afbf4\" data-element_type=\"container\">\n\t\t\t\t\t<div class=\"e-con-inner\">\n\t\t<div class=\"elementor-element elementor-element-289a0d45 e-con-full e-flex e-con e-child\" data-id=\"289a0d45\" data-element_type=\"container\">\n\t\t\t\t<div class=\"elementor-element elementor-element-5b8a5c3a elementor-widget__width-initial elementor-widget elementor-widget-text-editor\" data-id=\"5b8a5c3a\" data-element_type=\"widget\" data-widget_type=\"text-editor.default\">\n\t\t\t\t<div class=\"elementor-widget-container\">\n\t\t\t\t\t\t\t\t\t<p>N\u1ebfu b\u1ea1n c\u00f3 th\u1eafc m\u1eafc ho\u1eb7c mu\u1ed1n bi\u1ebft th\u00eam th\u00f4ng tin v\u1ec1 b\u1ea5t k\u1ef3 tour du l\u1ecbch n\u00e0o c\u1ee7a ch\u00fang t\u00f4i, vui l\u00f2ng s\u1eed d\u1ee5ng m\u1eabu li\u00ean h\u1ec7 b\u00ean d\u01b0\u1edbi! Ch\u00fang t\u00f4i s\u1ebd ph\u1ea3n h\u1ed3i b\u1ea1n trong v\u00f2ng 24 gi\u1edd. <\/p>\n\t\t\t\t\t\t\t\t<\/div>\n\t\t\t\t<\/div>\n\t\t\t\t<div class=\"elementor-element elementor-element-31a8f055 elementor-widget__width-initial elementor-widget elementor-widget-text-editor\" data-id=\"31a8f055\" data-element_type=\"widget\" data-widget_type=\"text-editor.default\">\n\t\t\t\t<div class=\"elementor-widget-container\">\n\t\t\t\t\t\t\t\t\t<p><span style=\"color: #999999;\">\u0110i\u1ec7n tho\u1ea1i:<\/span> <span style=\"color: #ec927e;\">+ 12 43223354<\/span><\/p>\n<p><span style=\"color: #999999;\">Th\u01b0:<\/span> <span style=\"color: #123a32;\">solo@traveler.com<\/span><\/p>\n\t\t\t\t\t\t\t\t<\/div>\n\t\t\t\t<\/div>\n\t\t<div class=\"elementor-element elementor-element-7d9ba541 e-flex e-con-boxed e-con e-child\" data-id=\"7d9ba541\" data-element_type=\"container\">\n\t\t\t\t\t<div class=\"e-con-inner\">\n\t\t\t\t<div class=\"elementor-element elementor-element-5ec28137 elementor-widget__width-initial elementor-widget elementor-widget-image\" data-id=\"5ec28137\" data-element_type=\"widget\" data-widget_type=\"image.default\">\n\t\t\t\t<div class=\"elementor-widget-container\">\n\t\t\t\t\t\t\t\t\t\t\t\t\t\t\t\t<a href=\"#\">\n\t\t\t\t\t\t\t<img decoding=\"async\" src=\"https:\/\/solo-elementor.travelerwp.com\/wp-content\/uploads\/2023\/07\/fb.png\" title=\"\" alt=\"\" loading=\"lazy\" \/>\t\t\t\t\t\t\t\t<\/a>\n\t\t\t\t\t\t\t\t\t\t\t\t\t\t\t<\/div>\n\t\t\t\t<\/div>\n\t\t\t\t<div class=\"elementor-element elementor-element-5e0d9144 elementor-widget__width-initial elementor-widget elementor-widget-image\" data-id=\"5e0d9144\" data-element_type=\"widget\" data-widget_type=\"image.default\">\n\t\t\t\t<div class=\"elementor-widget-container\">\n\t\t\t\t\t\t\t\t\t\t\t\t\t\t\t\t<a href=\"#\">\n\t\t\t\t\t\t\t<img decoding=\"async\" src=\"https:\/\/solo-elementor.travelerwp.com\/wp-content\/uploads\/2023\/07\/insta.png\" title=\"\" alt=\"\" loading=\"lazy\" \/>\t\t\t\t\t\t\t\t<\/a>\n\t\t\t\t\t\t\t\t\t\t\t\t\t\t\t<\/div>\n\t\t\t\t<\/div>\n\t\t\t\t<div class=\"elementor-element elementor-element-610c232a elementor-widget__width-initial elementor-widget elementor-widget-image\" data-id=\"610c232a\" data-element_type=\"widget\" data-widget_type=\"image.default\">\n\t\t\t\t<div class=\"elementor-widget-container\">\n\t\t\t\t\t\t\t\t\t\t\t\t\t\t\t\t<a href=\"#\">\n\t\t\t\t\t\t\t<img decoding=\"async\" src=\"https:\/\/solo-elementor.travelerwp.com\/wp-content\/uploads\/2023\/07\/pin.png\" title=\"\" alt=\"\" loading=\"lazy\" \/>\t\t\t\t\t\t\t\t<\/a>\n\t\t\t\t\t\t\t\t\t\t\t\t\t\t\t<\/div>\n\t\t\t\t<\/div>\n\t\t\t\t<div class=\"elementor-element elementor-element-21fbe07 elementor-widget__width-initial elementor-widget elementor-widget-image\" data-id=\"21fbe07\" data-element_type=\"widget\" data-widget_type=\"image.default\">\n\t\t\t\t<div class=\"elementor-widget-container\">\n\t\t\t\t\t\t\t\t\t\t\t\t\t\t\t\t<a href=\"#\">\n\t\t\t\t\t\t\t<img decoding=\"async\" src=\"https:\/\/solo-elementor.travelerwp.com\/wp-content\/uploads\/2023\/07\/twitter.png\" title=\"\" alt=\"\" loading=\"lazy\" \/>\t\t\t\t\t\t\t\t<\/a>\n\t\t\t\t\t\t\t\t\t\t\t\t\t\t\t<\/div>\n\t\t\t\t<\/div>\n\t\t\t\t\t<\/div>\n\t\t\t\t<\/div>\n\t\t\t\t<\/div>\n\t\t<div class=\"elementor-element elementor-element-1dc1e9af e-con-full e-flex e-con e-child\" data-id=\"1dc1e9af\" data-element_type=\"container\">\n\t\t\t\t<div class=\"elementor-element elementor-element-3a33965a st-contact--form elementor-widget elementor-widget-shortcode\" data-id=\"3a33965a\" data-element_type=\"widget\" data-widget_type=\"shortcode.default\">\n\t\t\t\t<div class=\"elementor-widget-container\">\n\t\t\t\t\t\t\t<div class=\"elementor-shortcode\">[contact-form-7 id=\"1956a8b\" title=\"Bi\u1ec3u m\u1eabu li\u00ean h\u1ec7 Solo\"]<\/div>\n\t\t\t\t\t\t<\/div>\n\t\t\t\t<\/div>\n\t\t\t\t<\/div>\n\t\t\t\t\t<\/div>\n\t\t\t\t<\/div>\n\t\t\t\t<\/div>\n\t\t","protected":false},"excerpt":{"rendered":"<p>N\u1ebfu b\u1ea1n c\u00f3 th\u1eafc m\u1eafc ho\u1eb7c mu\u1ed1n bi\u1ebft th\u00eam th\u00f4ng tin v\u1ec1 b\u1ea5t k\u1ef3 tour du l\u1ecbch n\u00e0o c\u1ee7a ch\u00fang t\u00f4i, vui l\u00f2ng s\u1eed d\u1ee5ng m\u1eabu li\u00ean h\u1ec7 b\u00ean d\u01b0\u1edbi! Ch\u00fang t\u00f4i s\u1ebd ph\u1ea3n h\u1ed3i b\u1ea1n trong v\u00f2ng 24 gi\u1edd. \u0110i\u1ec7n tho\u1ea1i: + 12 43223354 Th\u01b0: solo@traveler.com [contact-form-7 id=&#8221;1956a8b&#8221; title=&#8221;Bi\u1ec3u m\u1eabu li\u00ean h\u1ec7 Solo&#8221;]<\/p>\n","protected":false},"author":1,"featured_media":0,"parent":0,"menu_order":0,"comment_status":"closed","ping_status":"closed","template":"","meta":{"footnotes":""},"class_list":["post-9938","page","type-page","status-publish","has-post-thumbnail","hentry"],"yoast_head":"<!-- This site is optimized with the Yoast SEO plugin v24.9 - https:\/\/yoast.com\/wordpress\/plugins\/seo\/ -->\n<title>Li\u00ean h\u1ec7 v\u1edbi ch\u00fang t\u00f4i - Serenity Vietnam<\/title>\n<meta name=\"robots\" content=\"noindex, follow, max-snippet:-1, max-image-preview:large, max-video-preview:-1\" \/>\n<meta property=\"og:locale\" content=\"vi_VN\" \/>\n<meta property=\"og:type\" content=\"article\" \/>\n<meta property=\"og:title\" content=\"Li\u00ean h\u1ec7 v\u1edbi ch\u00fang t\u00f4i - Serenity Vietnam\" \/>\n<meta property=\"og:description\" content=\"N\u1ebfu b\u1ea1n c\u00f3 th\u1eafc m\u1eafc ho\u1eb7c mu\u1ed1n bi\u1ebft th\u00eam th\u00f4ng tin v\u1ec1 b\u1ea5t k\u1ef3 tour du l\u1ecbch n\u00e0o c\u1ee7a ch\u00fang t\u00f4i, vui l\u00f2ng s\u1eed d\u1ee5ng m\u1eabu li\u00ean h\u1ec7 b\u00ean d\u01b0\u1edbi! Ch\u00fang t\u00f4i s\u1ebd ph\u1ea3n h\u1ed3i b\u1ea1n trong v\u00f2ng 24 gi\u1edd. \u0110i\u1ec7n tho\u1ea1i: + 12 43223354 Th\u01b0: solo@traveler.com [contact-form-7 id=&#8221;1956a8b&#8221; title=&#8221;Bi\u1ec3u m\u1eabu li\u00ean h\u1ec7 Solo&#8221;]\" \/>\n<meta property=\"og:url\" content=\"https:\/\/serenityvietnam.com\/vi\/lien-he-voi-chung-toi\/\" \/>\n<meta property=\"og:site_name\" content=\"Serenity Vietnam\" \/>\n<meta property=\"article:modified_time\" content=\"2024-09-28T06:30:43+00:00\" \/>\n<meta property=\"og:image\" content=\"https:\/\/solo-elementor.travelerwp.com\/wp-content\/uploads\/2023\/07\/fb.png\" \/>\n<meta name=\"twitter:card\" content=\"summary_large_image\" \/>\n<script type=\"application\/ld+json\" class=\"yoast-schema-graph\">{\"@context\":\"https:\/\/schema.org\",\"@graph\":[{\"@type\":\"WebPage\",\"@id\":\"https:\/\/serenityvietnam.com\/vi\/lien-he-voi-chung-toi\/\",\"url\":\"https:\/\/serenityvietnam.com\/vi\/lien-he-voi-chung-toi\/\",\"name\":\"Li\u00ean h\u1ec7 v\u1edbi ch\u00fang t\u00f4i - Serenity Vietnam\",\"isPartOf\":{\"@id\":\"https:\/\/serenityvietnam.com\/vi\/#website\"},\"primaryImageOfPage\":{\"@id\":\"https:\/\/serenityvietnam.com\/vi\/lien-he-voi-chung-toi\/#primaryimage\"},\"image\":{\"@id\":\"https:\/\/serenityvietnam.com\/vi\/lien-he-voi-chung-toi\/#primaryimage\"},\"thumbnailUrl\":\"https:\/\/solo-elementor.travelerwp.com\/wp-content\/uploads\/2023\/07\/fb.png\",\"datePublished\":\"2018-12-09T21:55:29+00:00\",\"dateModified\":\"2024-09-28T06:30:43+00:00\",\"breadcrumb\":{\"@id\":\"https:\/\/serenityvietnam.com\/vi\/lien-he-voi-chung-toi\/#breadcrumb\"},\"inLanguage\":\"vi-VN\",\"potentialAction\":[{\"@type\":\"ReadAction\",\"target\":[\"https:\/\/serenityvietnam.com\/vi\/lien-he-voi-chung-toi\/\"]}]},{\"@type\":\"ImageObject\",\"inLanguage\":\"vi-VN\",\"@id\":\"https:\/\/serenityvietnam.com\/vi\/lien-he-voi-chung-toi\/#primaryimage\",\"url\":\"https:\/\/solo-elementor.travelerwp.com\/wp-content\/uploads\/2023\/07\/fb.png\",\"contentUrl\":\"https:\/\/solo-elementor.travelerwp.com\/wp-content\/uploads\/2023\/07\/fb.png\"},{\"@type\":\"BreadcrumbList\",\"@id\":\"https:\/\/serenityvietnam.com\/vi\/lien-he-voi-chung-toi\/#breadcrumb\",\"itemListElement\":[{\"@type\":\"ListItem\",\"position\":1,\"name\":\"Trang ch\u1ee7\",\"item\":\"https:\/\/serenityvietnam.com\/vi\/nha-solo\/\"},{\"@type\":\"ListItem\",\"position\":2,\"name\":\"Li\u00ean h\u1ec7 v\u1edbi ch\u00fang t\u00f4i\"}]},{\"@type\":\"WebSite\",\"@id\":\"https:\/\/serenityvietnam.com\/vi\/#website\",\"url\":\"https:\/\/serenityvietnam.com\/vi\/\",\"name\":\"Serenity Vietnam\",\"description\":\"\",\"publisher\":{\"@id\":\"https:\/\/serenityvietnam.com\/vi\/#organization\"},\"potentialAction\":[{\"@type\":\"SearchAction\",\"target\":{\"@type\":\"EntryPoint\",\"urlTemplate\":\"https:\/\/serenityvietnam.com\/vi\/?s={search_term_string}\"},\"query-input\":{\"@type\":\"PropertyValueSpecification\",\"valueRequired\":true,\"valueName\":\"search_term_string\"}}],\"inLanguage\":\"vi-VN\"},{\"@type\":\"Organization\",\"@id\":\"https:\/\/serenityvietnam.com\/vi\/#organization\",\"name\":\"Serenity Vietnam\",\"url\":\"https:\/\/serenityvietnam.com\/vi\/\",\"logo\":{\"@type\":\"ImageObject\",\"inLanguage\":\"vi-VN\",\"@id\":\"https:\/\/serenityvietnam.com\/vi\/#\/schema\/logo\/image\/\",\"url\":\"https:\/\/serenityvietnam.com\/wp-content\/uploads\/2020\/04\/Logo-SV-10.png\",\"contentUrl\":\"https:\/\/serenityvietnam.com\/wp-content\/uploads\/2020\/04\/Logo-SV-10.png\",\"width\":1486,\"height\":393,\"caption\":\"Serenity Vietnam\"},\"image\":{\"@id\":\"https:\/\/serenityvietnam.com\/vi\/#\/schema\/logo\/image\/\"}}]}<\/script>\n<!-- \/ Yoast SEO plugin. -->","yoast_head_json":{"title":"Li\u00ean h\u1ec7 v\u1edbi ch\u00fang t\u00f4i - Serenity Vietnam","robots":{"index":"noindex","follow":"follow","max-snippet":"max-snippet:-1","max-image-preview":"max-image-preview:large","max-video-preview":"max-video-preview:-1"},"og_locale":"vi_VN","og_type":"article","og_title":"Li\u00ean h\u1ec7 v\u1edbi ch\u00fang t\u00f4i - Serenity Vietnam","og_description":"N\u1ebfu b\u1ea1n c\u00f3 th\u1eafc m\u1eafc ho\u1eb7c mu\u1ed1n bi\u1ebft th\u00eam th\u00f4ng tin v\u1ec1 b\u1ea5t k\u1ef3 tour du l\u1ecbch n\u00e0o c\u1ee7a ch\u00fang t\u00f4i, vui l\u00f2ng s\u1eed d\u1ee5ng m\u1eabu li\u00ean h\u1ec7 b\u00ean d\u01b0\u1edbi! Ch\u00fang t\u00f4i s\u1ebd ph\u1ea3n h\u1ed3i b\u1ea1n trong v\u00f2ng 24 gi\u1edd. \u0110i\u1ec7n tho\u1ea1i: + 12 43223354 Th\u01b0: solo@traveler.com [contact-form-7 id=&#8221;1956a8b&#8221; title=&#8221;Bi\u1ec3u m\u1eabu li\u00ean h\u1ec7 Solo&#8221;]","og_url":"https:\/\/serenityvietnam.com\/vi\/lien-he-voi-chung-toi\/","og_site_name":"Serenity Vietnam","article_modified_time":"2024-09-28T06:30:43+00:00","og_image":[{"url":"https:\/\/solo-elementor.travelerwp.com\/wp-content\/uploads\/2023\/07\/fb.png","type":"","width":"","height":""}],"twitter_card":"summary_large_image","schema":{"@context":"https:\/\/schema.org","@graph":[{"@type":"WebPage","@id":"https:\/\/serenityvietnam.com\/vi\/lien-he-voi-chung-toi\/","url":"https:\/\/serenityvietnam.com\/vi\/lien-he-voi-chung-toi\/","name":"Li\u00ean h\u1ec7 v\u1edbi ch\u00fang t\u00f4i - Serenity Vietnam","isPartOf":{"@id":"https:\/\/serenityvietnam.com\/vi\/#website"},"primaryImageOfPage":{"@id":"https:\/\/serenityvietnam.com\/vi\/lien-he-voi-chung-toi\/#primaryimage"},"image":{"@id":"https:\/\/serenityvietnam.com\/vi\/lien-he-voi-chung-toi\/#primaryimage"},"thumbnailUrl":"https:\/\/solo-elementor.travelerwp.com\/wp-content\/uploads\/2023\/07\/fb.png","datePublished":"2018-12-09T21:55:29+00:00","dateModified":"2024-09-28T06:30:43+00:00","breadcrumb":{"@id":"https:\/\/serenityvietnam.com\/vi\/lien-he-voi-chung-toi\/#breadcrumb"},"inLanguage":"vi-VN","potentialAction":[{"@type":"ReadAction","target":["https:\/\/serenityvietnam.com\/vi\/lien-he-voi-chung-toi\/"]}]},{"@type":"ImageObject","inLanguage":"vi-VN","@id":"https:\/\/serenityvietnam.com\/vi\/lien-he-voi-chung-toi\/#primaryimage","url":"https:\/\/solo-elementor.travelerwp.com\/wp-content\/uploads\/2023\/07\/fb.png","contentUrl":"https:\/\/solo-elementor.travelerwp.com\/wp-content\/uploads\/2023\/07\/fb.png"},{"@type":"BreadcrumbList","@id":"https:\/\/serenityvietnam.com\/vi\/lien-he-voi-chung-toi\/#breadcrumb","itemListElement":[{"@type":"ListItem","position":1,"name":"Trang ch\u1ee7","item":"https:\/\/serenityvietnam.com\/vi\/nha-solo\/"},{"@type":"ListItem","position":2,"name":"Li\u00ean h\u1ec7 v\u1edbi ch\u00fang t\u00f4i"}]},{"@type":"WebSite","@id":"https:\/\/serenityvietnam.com\/vi\/#website","url":"https:\/\/serenityvietnam.com\/vi\/","name":"Serenity Vietnam","description":"","publisher":{"@id":"https:\/\/serenityvietnam.com\/vi\/#organization"},"potentialAction":[{"@type":"SearchAction","target":{"@type":"EntryPoint","urlTemplate":"https:\/\/serenityvietnam.com\/vi\/?s={search_term_string}"},"query-input":{"@type":"PropertyValueSpecification","valueRequired":true,"valueName":"search_term_string"}}],"inLanguage":"vi-VN"},{"@type":"Organization","@id":"https:\/\/serenityvietnam.com\/vi\/#organization","name":"Serenity Vietnam","url":"https:\/\/serenityvietnam.com\/vi\/","logo":{"@type":"ImageObject","inLanguage":"vi-VN","@id":"https:\/\/serenityvietnam.com\/vi\/#\/schema\/logo\/image\/","url":"https:\/\/serenityvietnam.com\/wp-content\/uploads\/2020\/04\/Logo-SV-10.png","contentUrl":"https:\/\/serenityvietnam.com\/wp-content\/uploads\/2020\/04\/Logo-SV-10.png","width":1486,"height":393,"caption":"Serenity Vietnam"},"image":{"@id":"https:\/\/serenityvietnam.com\/vi\/#\/schema\/logo\/image\/"}}]}},"_links":{"self":[{"href":"https:\/\/serenityvietnam.com\/vi\/wp-json\/wp\/v2\/pages\/9938","targetHints":{"allow":["GET"]}}],"collection":[{"href":"https:\/\/serenityvietnam.com\/vi\/wp-json\/wp\/v2\/pages"}],"about":[{"href":"https:\/\/serenityvietnam.com\/vi\/wp-json\/wp\/v2\/types\/page"}],"author":[{"embeddable":true,"href":"https:\/\/serenityvietnam.com\/vi\/wp-json\/wp\/v2\/users\/1"}],"replies":[{"embeddable":true,"href":"https:\/\/serenityvietnam.com\/vi\/wp-json\/wp\/v2\/comments?post=9938"}],"version-history":[{"count":0,"href":"https:\/\/serenityvietnam.com\/vi\/wp-json\/wp\/v2\/pages\/9938\/revisions"}],"wp:attachment":[{"href":"https:\/\/serenityvietnam.com\/vi\/wp-json\/wp\/v2\/media?parent=9938"}],"curies":[{"name":"wp","href":"https:\/\/api.w.org\/{rel}","templated":true}]}}